{"id":56,"date":"2015-05-05T12:51:25","date_gmt":"2015-05-05T10:51:25","guid":{"rendered":"http:\/\/porzellanmalerei-maro.de.w0132f56.kasserver.com\/?page_id=56"},"modified":"2019-02-04T18:02:09","modified_gmt":"2019-02-04T17:02:09","slug":"kunstgalerien","status":"publish","type":"page","link":"https:\/\/porzellanmalerei-maro.de\/index.php\/kunstgalerien\/","title":{"rendered":"Kunstgalerien"},"content":{"rendered":"<p><strong>Spezial<br \/>\n<\/strong>Gerne gestalte ich individuell die verschiedensten Porzellanartikel f\u00fcr einen besonderen Anlass in Ihrem Auftrag. Dekorative Arbeiten f\u00fcr einen runden Geburtstag, eine Hochzeit, ein Jubil\u00e4um usw. werden nach Absprache mit Ihnen gefertigt.<\/p>\n<div id=\"attachment_75\" style=\"width: 160px\" class=\"wp-caption alignnone\"><a href=\"https:\/\/porzellanmalerei-maro.de\/index.php\/galerie-spezial\/\"><img aria-describedby=\"caption-attachment-75\" loading=\"lazy\" class=\"wp-image-75 size-thumbnail\" src=\"https:\/\/porzellanmalerei-maro.de\/wp-content\/uploads\/2015\/05\/Bildplatte-vertieft-Goldene-Hochzeit-150x150.jpg\" alt=\"\" width=\"150\" height=\"150\"><\/a><p id=\"caption-attachment-75\" class=\"wp-caption-text\">Bildgalerie Spezial<\/p><\/div>\n<p><strong>Tierportraits<br \/>\n<\/strong>Eine meiner Leidenschaften ist die naturgetreue Darstellung von Tieren. Ich male Tierportraits auf Vasen, Teller und Platten und male auch f\u00fcr Sie ganz individuell Ihr Haustier. Hier ben\u00f6tige ich nur ein gutes Foto ( um den Fellverlauf gut erkennen zu k\u00f6nnen ) und etwa 6 Wochen Zeit.<strong><br \/>\n<\/strong><\/p>\n<div id=\"attachment_76\" style=\"width: 160px\" class=\"wp-caption alignnone\"><a href=\"https:\/\/porzellanmalerei-maro.de\/index.php\/galerie-tierportraits\/\"><img aria-describedby=\"caption-attachment-76\" loading=\"lazy\" class=\"wp-image-76 size-thumbnail\" src=\"https:\/\/porzellanmalerei-maro.de\/wp-content\/uploads\/2015\/05\/Bildplatte-25cm-Jaguar-150x150.jpg\" alt=\"\" width=\"150\" height=\"150\"><\/a><p id=\"caption-attachment-76\" class=\"wp-caption-text\">Bildgalerie Tierportraits<\/p><\/div>\n<p><strong>Portraits<br \/>\n<\/strong>Sehr gerne widme ich mich auch dem menschlichen Abbild und male Portraits auf Porzellanplatten. Auch hier ben\u00f6tige ich nur ein gutes Foto und etwa 6 Wochen Zeit um f\u00fcr Sie individuell Ihr Lieblingsportrait zu fertigen.<strong><br \/>\n<\/strong><\/p>\n<div id=\"attachment_74\" style=\"width: 160px\" class=\"wp-caption alignnone\"><a href=\"https:\/\/porzellanmalerei-maro.de\/index.php\/galerie-portraits\/\"><img aria-describedby=\"caption-attachment-74\" loading=\"lazy\" class=\"wp-image-74 size-thumbnail\" src=\"https:\/\/porzellanmalerei-maro.de\/wp-content\/uploads\/2015\/05\/Bildplatte-20x25cm-Selbstportrait-150x150.jpg\" alt=\"\" width=\"150\" height=\"150\"><\/a><p id=\"caption-attachment-74\" class=\"wp-caption-text\">Bildgalerie Potraits<\/p><\/div>\n<p><strong>Bl\u00fctentr\u00e4ume<\/strong><br \/>\nBlumen und Bl\u00fcten haben schon immer in der Porzellanmalerei einen festen Platz. Sie lassen sich auf die unterschiedlichste Weise gerade auf Porzellan darstellen. Auch hier geht manchmal die naturgetreue Darstellung eine Allianz mit grafischen Elementen ein oder ein Motiv wird ausschlie\u00dflich grafisch dargestellt oder wird einfach zu einem Muster.<\/p>\n<div id=\"attachment_71\" style=\"width: 160px\" class=\"wp-caption alignnone\"><a href=\"https:\/\/porzellanmalerei-maro.de\/index.php\/galerie-bluetentraeume\/\"><img aria-describedby=\"caption-attachment-71\" loading=\"lazy\" class=\"wp-image-71 size-thumbnail\" src=\"https:\/\/porzellanmalerei-maro.de\/wp-content\/uploads\/2015\/05\/Orchidee-u.-Kolibri-Vase-25cm-150x150.jpg\" alt=\"\" width=\"150\" height=\"150\"><\/a><p id=\"caption-attachment-71\" class=\"wp-caption-text\">Bildgalerie Bl\u00fctentr\u00e4ume<\/p><\/div>\n<p><strong>Dies und das<br \/>\n<\/strong>Spezielle Techniken geben diesen Werken ein besonderes Gesicht und machen sie zu einem unverwechselbaren Unikat. Federarbeiten, naturgetreue Darstellungen, Arbeiten mit hochgl\u00e4nzender L\u00fcsterfarbe und edler Gold- oder Platinauflage verleihen diesen Porzellanarbeiten ihren unverwechselbaren Ausdruck.<\/p>\n<div id=\"attachment_72\" style=\"width: 160px\" class=\"wp-caption alignnone\"><a href=\"https:\/\/porzellanmalerei-maro.de\/index.php\/galerie-dies-und-das\/\"><img aria-describedby=\"caption-attachment-72\" loading=\"lazy\" class=\"wp-image-72 size-thumbnail\" src=\"https:\/\/porzellanmalerei-maro.de\/wp-content\/uploads\/2015\/05\/Rheingold-Scheibenvase-20cm-150x150.jpg\" alt=\"\" width=\"150\" height=\"150\"><\/a><p id=\"caption-attachment-72\" class=\"wp-caption-text\">Bildgalerie Dies und das<\/p><\/div>\n<p><strong>Jahreszeitlich gepr\u00e4gte Motive<br \/>\n<\/strong>Jede Jahreszeit tr\u00e4gt ihren eigenen Stempel und hat ihr eigenes Gesicht, auch in der Porzellanmalerei. Sei es der Fr\u00fchling mit \u00f6sterlichen und Bl\u00fctenmotiven oder speziell die Weihnachtszeit. Individuelle Dekorationsartikel bestimmen hier meine Malerei.<\/p>\n<div id=\"attachment_73\" style=\"width: 160px\" class=\"wp-caption alignnone\"><a href=\"https:\/\/porzellanmalerei-maro.de\/index.php\/galerie-jahreszeitliches\/\"><img aria-describedby=\"caption-attachment-73\" loading=\"lazy\" class=\"wp-image-73 size-thumbnail\" src=\"https:\/\/porzellanmalerei-maro.de\/wp-content\/uploads\/2015\/05\/Geb\u00e4ckteller-25cm-150x150.jpg\" alt=\"\" width=\"150\" height=\"150\"><\/a><p id=\"caption-attachment-73\" class=\"wp-caption-text\">Galerie Jahreszeitliches<\/p><\/div>\n<p>&nbsp;<\/p>\n","protected":false},"excerpt":{"rendered":"<p>Spezial Gerne gestalte ich individuell die verschiedensten Porzellanartikel f\u00fcr einen besonderen Anlass in Ihrem Auftrag. Dekorative Arbeiten f\u00fcr einen runden Geburtstag, eine Hochzeit, ein Jubil\u00e4um usw. werden nach Absprache mit Ihnen gefertigt. Bildgalerie Spezial Tierportraits Eine meiner Leidenschaften ist die naturgetreue Darstellung von Tieren. Ich male Tierportraits auf Vasen, Teller&#8230;<\/p>\n","protected":false},"author":1,"featured_media":0,"parent":0,"menu_order":0,"comment_status":"closed","ping_status":"closed","template":"","meta":{"ngg_post_thumbnail":0},"_links":{"self":[{"href":"https:\/\/porzellanmalerei-maro.de\/index.php\/wp-json\/wp\/v2\/pages\/56"}],"collection":[{"href":"https:\/\/porzellanmalerei-maro.de\/index.php\/wp-json\/wp\/v2\/pages"}],"about":[{"href":"https:\/\/porzellanmalerei-maro.de\/index.php\/wp-json\/wp\/v2\/types\/page"}],"author":[{"embeddable":true,"href":"https:\/\/porzellanmalerei-maro.de\/index.php\/wp-json\/wp\/v2\/users\/1"}],"replies":[{"embeddable":true,"href":"https:\/\/porzellanmalerei-maro.de\/index.php\/wp-json\/wp\/v2\/comments?post=56"}],"version-history":[{"count":22,"href":"https:\/\/porzellanmalerei-maro.de\/index.php\/wp-json\/wp\/v2\/pages\/56\/revisions"}],"predecessor-version":[{"id":414,"href":"https:\/\/porzellanmalerei-maro.de\/index.php\/wp-json\/wp\/v2\/pages\/56\/revisions\/414"}],"wp:attachment":[{"href":"https:\/\/porzellanmalerei-maro.de\/index.php\/wp-json\/wp\/v2\/media?parent=56"}],"curies":[{"name":"wp","href":"https:\/\/api.w.org\/{rel}","templated":true}]}}