{"id":400,"date":"2018-05-13T17:29:44","date_gmt":"2018-05-13T15:29:44","guid":{"rendered":"http:\/\/porzellanmalerei-maro.de\/?page_id=400"},"modified":"2018-05-13T17:29:44","modified_gmt":"2018-05-13T15:29:44","slug":"datenschutz","status":"publish","type":"page","link":"https:\/\/porzellanmalerei-maro.de\/index.php\/datenschutz\/","title":{"rendered":"Datenschutz"},"content":{"rendered":"<header class=\"entry-header\">\n<h1 class=\"entry-title\">Datenschutzerkl\u00e4rung<\/h1>\n<\/header>\n<h6><strong>Allgemeine Hinweise<\/strong><\/h6>\n<p>Diese Datenschutzerkl\u00e4rung soll Sie, den Nutzer dieser Website gem\u00e4\u00df den gesetzlichen Bestimmungen zum Datenschutz (Datenschutz-Grundverordnung, DSGVO; Bundesdaten\u00adschutzgesetz, BDSG) \u00fcber die Art, den Umfang und den Zweck der Erhebung und Verwendung personenbezogener Daten durch den Website-Betreiber, informieren; Daten zum Website-Betreiber, im folgenden Betreiber genannt, siehe <a href=\"http:\/\/porzellanmalerei-maro.de\/index.php\/impressum\/\">Impressum<\/a>.<\/p>\n<p>Personenbezogene Daten sind alle Daten, mit denen Sie pers\u00f6nlich identifiziert werden k\u00f6nnen.<\/p>\n<p>Der Betreiber dieser Seiten nimmt den Schutz Ihrer pers\u00f6nlichen Daten sehr ernst. Ihre personenbezogenen Daten werden vertraulich und entsprechend den gesetzlichen Datenschutzvorschriften sowie dieser Datenschutzerkl\u00e4rung behandelt.<\/p>\n<p>Die Nutzung dieser Website ist in der Regel ohne Angabe personenbezogener Daten m\u00f6glich. Soweit auf diesen Seiten personenbezogene Daten (beispielsweise Name, Anschrift oder E-Mail-Adressen) erhoben werden, erfolgt dies, soweit m\u00f6glich, stets auf freiwilliger Basis.<\/p>\n<p>Diese Daten werden ohne Ihre ausdr\u00fcckliche Einwilligung nicht an Dritte weitergegeben.<\/p>\n<p>Der Betreiber weist darauf hin, dass die Daten\u00fcbertragung im Internet (z.B. bei der Kommunikation per E-Mail) Sicherheitsl\u00fccken aufweisen kann. Ein l\u00fcckenloser Schutz der Daten vor dem Zugriff durch Dritte ist nicht m\u00f6glich.<\/p>\n<p>Wer ist verantwortlich f\u00fcr die Datenerfassung auf dieser Website?<br \/>\nDie Datenverarbeitung auf dieser Website erfolgt durch den Betreiber. Dessen Kontaktdaten k\u00f6nnen Sie dem Impressum dieser Website entnehmen.<\/p>\n<p>Wie werden Ihre Daten erfasst?<br \/>\nIhre Daten werden zum einen dadurch erhoben, dass Sie dem Betreiber diese mitteilen. Hierbei kann es sich z.B. um Daten handeln, die Sie in ein Kontaktformular eingeben.<\/p>\n<p>Andere Daten werden automatisch bei Ihrem Besuch der Website durch die IT-Systeme des Betreibers erfasst. Das sind vor allem technische Daten (z.B. Internetbrowser, Betriebssystem oder Uhrzeit des Seitenaufrufs). Die Erfassung dieser Daten erfolgt automatisch, sobald Sie diese Website betreten.<\/p>\n<p>Wof\u00fcr werden Ihre Daten genutzt?<br \/>\nEin Teil der Daten wird erhoben, um eine fehlerfreie Bereitstellung der Website zu gew\u00e4hrleisten. Andere Daten k\u00f6nnen zur Analyse Ihres Nutzerverhaltens verwendet werden.<\/p>\n<p>Welche Rechte haben Sie bez\u00fcglich Ihrer Daten?<br \/>\nSie haben jederzeit das Recht unentgeltlich Auskunft \u00fcber Herkunft, Empf\u00e4nger und Zweck Ihrer gespeicherten personenbezogenen Daten zu erhalten. Sie haben au\u00dferdem ein Recht, die Berichtigung, Sperrung oder L\u00f6schung dieser Daten zu verlangen.<\/p>\n<p>Hierzu sowie zu weiteren Fragen zum Thema Datenschutz k\u00f6nnen Sie sich jederzeit unter der im Impressum angegebenen Adresse an den Betreiber wenden. Des weiteren steht Ihnen ein Beschwerderecht bei der zust\u00e4ndigen Aufsichtsbeh\u00f6rde zu.<\/p>\n<h6><strong>Verarbeiten von Nutzer- und Vertragsdaten<\/strong><\/h6>\n<p>Der Betreiber erhebt, verarbeitet und nutzt personenbezogene Daten nur, soweit sie f\u00fcr die Begr\u00fcndung, inhaltliche Ausgestaltung oder \u00c4nderung des Rechtsverh\u00e4ltnisses erforderlich sind (Bestandsdaten). Dies erfolgt auf Grundlage von Art. 6 Abs. 1 lit. b DSGVO, der die Verarbeitung von Daten zur Erf\u00fcllung eines Vertrags oder vorvertraglicher Ma\u00dfnahmen gestattet.<\/p>\n<p>Personenbezogene Daten \u00fcber die Inanspruchnahme dieser Internetseiten (Nutzungsdaten) erhebt, verarbeitet und nutzt der Betreiber nur, soweit dies erforderlich ist, um dem Nutzer die Inanspruchnahme des Dienstes zu erm\u00f6glichen oder abzurechnen.<\/p>\n<p>Die erhobenen personenbezogenen Nutzerdaten werden nach Abschluss des Auftrags oder Beendigung der Gesch\u00e4ftsbeziehung gel\u00f6scht. Gesetzliche Aufbewahrungsfristen bleiben unber\u00fchrt.<\/p>\n<h6><strong>Kontaktformular<\/strong><\/h6>\n<p>Wenn Sie dem Betreiber per Kontaktformular Anfragen zukommen lassen, werden Ihre Angaben aus dem Anfrageformular inklusive der von Ihnen dort angegebenen Kontaktdaten zwecks Bearbeitung der Anfrage und f\u00fcr den Fall von R\u00fcckfragen bei dem Betreiber gespeichert.<\/p>\n<p>Diese Daten werden nicht ohne Ihre Einwilligung an Dritte weitergegeben.<\/p>\n<p>Die Verarbeitung der in das Kontaktformular eingegebenen Daten erfolgt somit ausschlie\u00dflich auf Grundlage Ihrer Einwilligung (Art. 6 Abs. 1 lit. a DSGVO). Sie k\u00f6nnen diese Einwilligung jederzeit widerrufen. Dazu reicht eine formlose Mitteilung per E-Mail an den Betreiber.<\/p>\n<p>Die Rechtm\u00e4\u00dfigkeit der bis zum Widerruf erfolgten Datenverarbeitungsvorg\u00e4nge bleibt vom Widerruf unber\u00fchrt.<\/p>\n<p>Die von Ihnen im Kontaktformular eingegebenen Daten verbleiben bei dem Betreiber, bis Sie ihn zur L\u00f6schung auffordern, Ihre Einwilligung zur Speicherung widerrufen oder der Zweck f\u00fcr die Datenspeicherung entf\u00e4llt (z.B. nach abgeschlossener Bearbeitung Ihrer Anfrage).<\/p>\n<p>Zwingende gesetzliche Bestimmungen \u2013 insbesondere Aufbewahrungsfristen \u2013 bleiben unber\u00fchrt.<\/p>\n<h6><strong>Kommentarfunktion auf dieser Website<\/strong><\/h6>\n<p>F\u00fcr die gegebenenfalls freigegebene Kommentarfunktion auf dieser Seite werden neben Ihrem Kommentar auch Angaben zum Zeitpunkt der Erstellung des Kommentars, Ihre EMail-Adresse und, wenn Sie nicht anonym posten, der von Ihnen gew\u00e4hlte Nutzername gespeichert.<\/p>\n<p>Diese Kommentarfunktion speichert die IP-Adressen der Nutzer, die Kommentare verfassen. Da nicht alle Kommentare auf dieser Website vor der Freischaltung gepr\u00fcft werden, sind diese Daten erforderlich, um im Falle von Rechtsverletzungen, wie Beleidigungen oder Propaganda, gegen den Verfasser vorgehen zu k\u00f6nnen.<\/p>\n<h6><strong>Analyse-Tools und Tools von Drittanbietern<\/strong><\/h6>\n<p>Beim Besuch dieser Website kann Ihr Surf-Verhalten statistisch ausgewertet werden. Das geschieht vor allem mit Cookies und mit sogenannten Analyseprogrammen. Die Analyse Ihres Surf-Verhaltens erfolgt in der Regel anonym; das Surf-Verhalten kann nicht zu Ihnen zur\u00fcckverfolgt werden. Sie k\u00f6nnen dieser Analyse widersprechen oder sie durch die Nichtbenutzung bestimmter Tools verhindern. Sie k\u00f6nnen dieser Analyse widersprechen. \u00dcber die Widerspruchsm\u00f6glichkeiten werden Sie in dieser Datenschutzerkl\u00e4rung informiert.<\/p>\n<h6><strong>Statify Statistik<\/strong><\/h6>\n<p>Diese Webseite benutzt das WordPress-Plugin Statify, das eine statistische Analyse der Zugriffsdaten erm\u00f6glicht. Die erzeugten Informationen (ID, Datum ohne Uhrzeit, Herkunft, Ziel) werden auf dem Betreiber-Server gespeichert, um die Nutzung des Angebots durch die Seitenbesucher statistisch auszuwerten. Es werden keine personenbezogenen Daten gespeichert. Es ist keinerlei R\u00fcckschluss auf Sie als Person m\u00f6glich.<\/p>\n<h6><strong>SSL-Verschl\u00fcsselung<\/strong><\/h6>\n<p>Diese Seite nutzt aus Gr\u00fcnden der Sicherheit und zum Schutz der \u00dcbertragung vertraulicher Inhalte, wie zum Beispiel der Anfragen, die Sie an den Betreiber senden, eine SSL-Ver\u00adschl\u00fcsselung. Eine verschl\u00fcsselte Verbindung erkennen Sie daran, dass die Adresszeile des Browsers von \u201ehttp:\/\/\u201c auf \u201ehttps:\/\/\u201c wechselt und an dem Schloss-Symbol in Ihrer Browserzeile.<\/p>\n<p>Wenn die SSL Verschl\u00fcsselung aktiviert ist, k\u00f6nnen die Daten, die Sie an den Betreiber \u00fcbermitteln, nicht von Dritten mitgelesen werden.<\/p>\n<h6><strong>Widerruf Ihrer Einwilligung zur Datenverarbeitung<\/strong><\/h6>\n<p>Viele Datenverarbeitungsvorg\u00e4nge sind nur mit Ihrer ausdr\u00fccklichen Einwilligung m\u00f6glich. Sie k\u00f6nnen eine bereits erteilte Einwilligung jederzeit widerrufen. Dazu reicht eine formlose Mitteilung per E-Mail an den Betreiber.<\/p>\n<p>Die Rechtm\u00e4\u00dfigkeit der bis zum Widerruf erfolgten Datenverarbeitung bleibt vom Widerruf unber\u00fchrt.<\/p>\n<h6><strong>Beschwerderecht bei der zust\u00e4ndigen Aufsichtsbeh\u00f6rde<\/strong><\/h6>\n<p>Im Falle datenschutzrechtlicher Verst\u00f6\u00dfe steht dem Betroffenen ein Beschwerderecht bei der zust\u00e4ndigen Aufsichtsbeh\u00f6rde zu. Zust\u00e4ndige Aufsichtsbeh\u00f6rde in datenschutzrechtlichen Fragen ist der Landesdatenschutzbeauftragte des Bundeslandes, in dem der Betreiber diese Website seinen Sitz hat.<\/p>\n<p>Eine Liste der Datenschutzbeauftragten sowie deren Kontaktdaten k\u00f6nnen Sie folgendem Link entnehmen:<\/p>\n<p><a href=\"https:\/\/www.bfdi.bund.de\/DE\/Infothek\/Anschriften_Links\/anschriften_links-node.html\">https:\/\/www.bfdi.bund.de\/DE\/Infothek\/Anschriften_Links\/anschriften_links-node.html.<\/a><\/p>\n<h6><strong>Recht auf Daten\u00fcbertragbarkeit<\/strong><\/h6>\n<p>Sie haben das Recht, Daten, die der Betreiber auf Grundlage Ihrer Einwilligung oder in Erf\u00fcllung eines Vertrags automatisiert verarbeitet, an sich oder an einen Dritten in einem g\u00e4ngigen, maschinenlesbaren Format aush\u00e4ndigen zu lassen.<\/p>\n<p>Sofern Sie die direkte \u00dcbertragung der Daten an einen anderen Verantwortlichen verlangen, erfolgt dies nur, soweit es technisch machbar ist.<\/p>\n<h6><strong>Auskunft, Sperrung, L\u00f6schung<\/strong><\/h6>\n<p>Sie haben im Rahmen der geltenden gesetzlichen Bestimmungen jederzeit das Recht auf unentgeltliche Auskunft \u00fcber Ihre gespeicherten personenbezogenen Daten, deren Herkunft und Empf\u00e4nger und den Zweck der Datenverarbeitung und ggf. ein Recht auf Berichtigung, Sperrung oder L\u00f6schung dieser Daten. Hierzu sowie zu weiteren Fragen zum Thema personenbezogene Daten k\u00f6nnen Sie sich jederzeit unter der im Impressum angegebenen Adresse an den Betreiber wenden.<\/p>\n<h6><strong>\u00dcbrige Einbindung von Diensten und Inhalten Dritter<\/strong><\/h6>\n<p>Es kann vorkommen, dass innerhalb dieses Onlineangebotes Inhalte Dritter, wie zum Beispiel Videos von YouTube, Kartenmaterial von Google-Maps, RSS-Feeds oder Grafiken von anderen Webseiten eingebunden werden. Dies setzt immer voraus, dass die Anbieter dieser Inhalte (nachfolgend bezeichnet als \u201eDritt-Anbieter\u201c) die IP-Adresse der Nutzer wahrnehmen. Denn ohne die IP-Adresse, k\u00f6nnten sie die Inhalte nicht an den Browser des jeweiligen Nutzers senden. Die IP-Adresse ist damit f\u00fcr die Darstellung dieser Inhalte erforderlich.<\/p>\n<p>Der Betreiber bem\u00fcht sich, nur solche Inhalte zu verwenden, deren jeweilige Anbieter die IP-Adresse lediglich zur Auslieferung der Inhalte verwenden. Jedoch hat er keinen Einfluss darauf, falls die Dritt-Anbieter die IP-Adresse z.B. f\u00fcr statistische Zwecke speichern. Soweit dies dem Betreiber bekannt ist, kl\u00e4rt er die Nutzer dar\u00fcber auf.<\/p>\n<h6><strong>Google Analytics<\/strong><\/h6>\n<p>Diese Website nutzt Funktionen des Webanalysedienstes Google Analytics. Anbieter ist die Google Inc., 1600 Amphitheatre Parkway Mountain View, CA 94043, USA.<\/p>\n<p>Google Analytics verwendet sogenannte \u201eCookies\u201c. Das sind Textdateien, die auf Ihrem Computer gespeichert werden und die eine Analyse der Benutzung der Website durch Sie erm\u00f6glichen. Die durch den Cookie erzeugten Informationen \u00fcber Ihre Benutzung dieser Website werden in der Regel an einen Server von Google in den USA \u00fcbertragen und dort gespeichert.<\/p>\n<p>Die Speicherung von Google-Analytics-Cookies erfolgt auf Grundlage von Art. 6 Abs. 1 lit. f DSGVO. Der Websitebetreiber hat ein berechtigtes Interesse an der Analyse des Nutzerverhaltens, um sowohl sein Webangebot als auch seine Werbung zu optimieren.<\/p>\n<p>Der Betreiber hat auf dieser Website die Funktion IP-Anonymisierung aktiviert. Dadurch wird Ihre IP-Adresse von Google innerhalb von Mitgliedstaaten der Europ\u00e4ischen Union oder in anderen Vertragsstaaten des Abkommens \u00fcber den Europ\u00e4ischen Wirtschaftsraum vor der \u00dcbermittlung in die USA gek\u00fcrzt. Nur in Ausnahmef\u00e4llen wird die volle IP-Adresse an einen Server von Google in den USA \u00fcbertragen und dort gek\u00fcrzt. Im Auftrag des Betreibers dieser Website wird Google diese Informationen benutzen, um Ihre Nutzung der Website auszuwerten, um Reports \u00fcber die Websiteaktivit\u00e4ten zusammenzustellen und um weitere mit der Websitenutzung und der Internetnutzung verbundene Dienstleistungen gegen\u00fcber dem Websitebetreiber zu erbringen. Die im Rahmen von Google Analytics von Ihrem Browser \u00fcbermittelte IP-Adresse wird nicht mit anderen Daten von Google zusammengef\u00fchrt.<\/p>\n<p>Sie k\u00f6nnen die Speicherung der Cookies durch eine entsprechende Einstellung Ihrer Browser-Software verhindern. Sie werden jedoch darauf hingewiesen, dass Sie in diesem Fall gegebenenfalls nicht s\u00e4mtliche Funktionen dieser Website werden nutzen k\u00f6nnen.<\/p>\n<p>Sie k\u00f6nnen dar\u00fcber hinaus die Erfassung der durch den Cookie erzeugten und auf Ihre Nutzung der Website bezogenen Daten (inkl. Ihrer IP-Adresse) an Google sowie die Verarbeitung dieser Daten durch Google verhindern, indem Sie das unter dem folgenden Link verf\u00fcgbare Browser-Plugin herunterladen und installieren: <a href=\"https:\/\/tools.google.com\/dlpage\/gaoptout?hl=de\">https:\/\/tools.google.com\/dlpage\/gaoptout?hl=de<\/a><\/p>\n<p>Es wird ein Opt-Out-Cookie gesetzt, der die Erfassung Ihrer Daten bei zuk\u00fcnftigen Besuchen dieser Website verhindert. L\u00f6schen Sie Ihre Cookies regelm\u00e4\u00dfig, ist ein erneuter Klick auf den Link bei jedem Besuch dieser Website vonn\u00f6ten.<\/p>\n<p>Mehr Informationen zum Umgang mit Nutzerdaten bei Google Analytics finden Sie in der Datenschutzerkl\u00e4rung von Google: <a href=\"https:\/\/support.google.com\/analytics\/answer\/6004245?hl=de\">https:\/\/support.google.com\/analytics\/answer\/6004245?hl=de<\/a><\/p>\n<p>Der Betreiber hat mit Google einen Vertrag zur Auftragsdatenverarbeitung abgeschlossen und setzt die strengen Vorgaben der deutschen Datenschutzbeh\u00f6rden bei der Nutzung von Google Analytics vollst\u00e4ndig um.<\/p>\n<h6><strong>Cookies<\/strong><\/h6>\n<p>Die Internetseiten verwenden teilweise so genannte Cookies. Cookies richten auf Ihrem Rechner keinen Schaden an und enthalten keine Viren. Cookies dienen dazu, das Angebot nutzerfreundlicher, effektiver und sicherer zu machen. Cookies sind kleine Textdateien, die auf Ihrem Rechner abgelegt werden und die Ihr Browser speichert.<\/p>\n<p>Die meisten der verwendeten Cookies sind so genannte \u201eSession-Cookies\u201c, sie werden nach Ende Ihres Besuchs automatisch gel\u00f6scht. Andere Cookies bleiben auf Ihrem Endger\u00e4t gespeichert, bis Sie diese l\u00f6schen. Diese Cookies erm\u00f6glichen es, Ihren Browser beim n\u00e4chsten Besuch wiederzuerkennen.<\/p>\n<p>Sie k\u00f6nnen Ihren Browser so einstellen, dass Sie \u00fcber das Setzen von Cookies informiert werden und Cookies nur im Einzelfall erlauben, die Annahme von Cookies f\u00fcr bestimmte F\u00e4lle oder generell ausschlie\u00dfen sowie das automatische L\u00f6schen der Cookies beim Schlie\u00dfen des Browser aktivieren. Bei der Deaktivierung von Cookies kann die Funktionalit\u00e4t dieser Website eingeschr\u00e4nkt sein.<\/p>\n<p>Cookies, die zur Durchf\u00fchrung des elektronischen Kommunikationsvorgangs oder zur Bereitstellung bestimmter, von Ihnen erw\u00fcnschter Funktionen (z.B. Warenkorbfunktion) erforderlich sind, werden auf Grundlage von Art. 6 Abs. 1 lit. f DSGVO gespeichert. Der Betreiber hat ein berechtigtes Interesse an der Speicherung von Cookies zur technisch fehlerfreien und optimierten Bereitstellung seiner Dienste.<\/p>\n<p>Soweit andere Cookies (z.B. Cookies zur Analyse Ihres Surfverhaltens) gespeichert werden, werden diese in dieser Datenschutzerkl\u00e4rung gesondert behandelt.<\/p>\n<h6><strong>Server-Log-Files<\/strong><\/h6>\n<p>Der Provider der Seiten erhebt und speichert automatisch Informationen in sogenannten Server-Log Files, die Ihr Browser automatisch an diese Website \u00fcbermittelt. Dies sind:<\/p>\n<ul>\n<li>Browsertyp und Browserversion<\/li>\n<li>verwendetes Betriebssystem<\/li>\n<li>Referrer URL<\/li>\n<li>Hostname des zugreifenden Rechners<\/li>\n<li>Uhrzeit der Serveranfrage<\/li>\n<\/ul>\n<p>Diese Daten sind nicht bestimmten Personen zuzuordnen. Eine Zusammenf\u00fchrung dieser Daten mit anderen Datenquellen wird nicht vorgenommen. Der Betreiber beh\u00e4lt sich vor, diese Daten nachtr\u00e4glich zu pr\u00fcfen, wenn ihm konkrete Anhaltspunkte f\u00fcr eine rechtswidrige Nutzung bekannt werden.<\/p>\n<p>Grundlage f\u00fcr die Datenverarbeitung ist Art. 6 Abs. 1 lit. b DSGVO, der die Verarbeitung von Daten zur Erf\u00fcllung eines Vertrags oder vorvertraglicher Ma\u00dfnahmen gestattet.<\/p>\n<h6><strong>Weitere Hinweise<\/strong><\/h6>\n<p>Der Betreiber ist bem\u00fcht, Ihre personenbezogenen Daten durch Ergreifung aller technischen und organisatorischen M\u00f6glichkeiten so zu speichern, dass sie f\u00fcr Dritte nicht zug\u00e4nglich sind.<\/p>\n<p>Bei der Kommunikation per E-Mail kann die vollst\u00e4ndige Datensicherheit nicht gew\u00e4hrleistet werden, so dass bei vertraulichen Informationen den Postweg empfohlen wird.<\/p>\n<p>Der Betreiber und die von ihm beauftragten Dienstleistungsunternehmen sind von ihm zur Verschwiegenheit und zur Einhaltung der Bestimmungen des BDSG und sonstiger Datenschutzbestimmungen, insbesondere der DSGVO verpflichtet.<\/p>\n<h6><strong>Widerspruch Werbe-Mails<\/strong><\/h6>\n<p>Der Nutzung von im Rahmen der Impressumspflicht ver\u00f6ffentlichten Kontaktdaten zur \u00dcbersendung von nicht ausdr\u00fccklich angeforderter Werbung und Informationsmaterialien wird hiermit widersprochen. Der Betreiber der Seiten beh\u00e4lt sich ausdr\u00fccklich rechtliche Schritte im Falle der unverlangten Zusendung von Werbeinformationen, etwa durch Spam-E-Mails, vor.<\/p>\n<h6><strong>\u00c4nderungen der Datenschutzerkl\u00e4rung<\/strong><\/h6>\n<p>Der Betreiber beh\u00e4lt sich vor, die Datenschutzerkl\u00e4rung zu \u00e4ndern, um sie an ge\u00e4nderte Rechtslagen, oder bei \u00c4nderungen des Dienstes sowie der Datenverarbeitung anzupassen. Dies gilt jedoch nur im Hinblick auf Erkl\u00e4rungen zur Datenverarbeitung.<\/p>\n<p>Sofern Einwilligungen der Nutzer erforderlich sind oder Bestandteile der Datenschutzerkl\u00e4rung Regelungen des Vertragsverh\u00e4ltnisses mit den Nutzern enthalten, erfolgen die \u00c4nderungen nur mit Zustimmung der Nutzer.<\/p>\n<p>Die Nutzer dieser Website werden gebeten, sich regelm\u00e4\u00dfig \u00fcber den Inhalt dieser Datenschutzerkl\u00e4rung zu informieren.<\/p>\n","protected":false},"excerpt":{"rendered":"<p>Datenschutzerkl\u00e4rung Allgemeine Hinweise Diese Datenschutzerkl\u00e4rung soll Sie, den Nutzer dieser Website gem\u00e4\u00df den gesetzlichen Bestimmungen zum Datenschutz (Datenschutz-Grundverordnung, DSGVO; Bundesdaten\u00adschutzgesetz, BDSG) \u00fcber die Art, den Umfang und den Zweck der Erhebung und Verwendung personenbezogener Daten durch den Website-Betreiber, informieren; Daten zum Website-Betreiber, im folgenden Betreiber genannt, siehe Impressum. Personenbezogene Daten&#8230;<\/p>\n","protected":false},"author":1,"featured_media":0,"parent":0,"menu_order":0,"comment_status":"closed","ping_status":"closed","template":"","meta":{"ngg_post_thumbnail":0},"_links":{"self":[{"href":"https:\/\/porzellanmalerei-maro.de\/index.php\/wp-json\/wp\/v2\/pages\/400"}],"collection":[{"href":"https:\/\/porzellanmalerei-maro.de\/index.php\/wp-json\/wp\/v2\/pages"}],"about":[{"href":"https:\/\/porzellanmalerei-maro.de\/index.php\/wp-json\/wp\/v2\/types\/page"}],"author":[{"embeddable":true,"href":"https:\/\/porzellanmalerei-maro.de\/index.php\/wp-json\/wp\/v2\/users\/1"}],"replies":[{"embeddable":true,"href":"https:\/\/porzellanmalerei-maro.de\/index.php\/wp-json\/wp\/v2\/comments?post=400"}],"version-history":[{"count":2,"href":"https:\/\/porzellanmalerei-maro.de\/index.php\/wp-json\/wp\/v2\/pages\/400\/revisions"}],"predecessor-version":[{"id":402,"href":"https:\/\/porzellanmalerei-maro.de\/index.php\/wp-json\/wp\/v2\/pages\/400\/revisions\/402"}],"wp:attachment":[{"href":"https:\/\/porzellanmalerei-maro.de\/index.php\/wp-json\/wp\/v2\/media?parent=400"}],"curies":[{"name":"wp","href":"https:\/\/api.w.org\/{rel}","templated":true}]}}