{"id":389,"date":"2018-05-13T16:34:03","date_gmt":"2018-05-13T14:34:03","guid":{"rendered":"http:\/\/porzellanmalerei-maro.de\/?page_id=389"},"modified":"2018-05-13T16:34:03","modified_gmt":"2018-05-13T14:34:03","slug":"ausstellungen","status":"publish","type":"page","link":"https:\/\/porzellanmalerei-maro.de\/index.php\/ausstellungen\/","title":{"rendered":"Ausstellungen"},"content":{"rendered":"<p>Die letzten Jahre war ich regelm\u00e4\u00dfig mit wechselnder Pr\u00e4sentation meiner Arbeiten auf Ausstellungen und Kunsthandwerkerm\u00e4rkten vertreten.<\/p>\n<p>&nbsp;<\/p>\n<p><strong>2015<\/strong><\/p>\n<p>Weingut Laquai Lorch<\/p>\n<p>Internationale Kunstausstellung Wilrijk\/Antwerpen<\/p>\n<p>Gro\u00dfe FBF-Kunstausstellung Autalhalle Niedernhausen<\/p>\n<p>Weihnachtsmarkt Niedernhausen<\/p>\n<p>&nbsp;<\/p>\n<p><strong>2014<\/strong><\/p>\n<p>Weihnachtsmarkt St. Ferrutius Taunusstein Weihnachtsmarkt Niedernhausen<\/p>\n<p>Weihnachtsmarkt Hotel Hoerhof Idstein<\/p>\n<p>KUKUSTA Taunusstein<\/p>\n<p>Weingut Laquai Lorch<\/p>\n<p>Koblenz<\/p>\n<p><strong>2013<\/strong><\/p>\n<p>Kurkolonnaden Wiesbaden<\/p>\n<p>Stadthalle Limburg<\/p>\n<p>Stadthalle Hofheim<\/p>\n<p>Weingut Goldatzel Johannisberg<\/p>\n<p>KUKUSTA Taunusstein<\/p>\n<p>Kunsthandwerkermarkt der B\u00fcrgerstiftung Niedernhausen\/Oberjosbach<\/p>\n<p>Kunstausstellung Form-Bild-Farbe Niedernhausen<\/p>\n<p><strong>2012<\/strong><\/p>\n<p>Kurkolonnaden Wiesbaden<\/p>\n<p>Stadthalle Idstein<\/p>\n<p><strong>2011<\/strong><\/p>\n<p>Kunstausstellung Form-Bild-Farbe Niedernhausen<\/p>\n<p>Galerie Artefact Idstein<\/p>\n<p>bis heute Dauerausstellung Rathaus Niedernhausen<\/p>\n","protected":false},"excerpt":{"rendered":"<p>Die letzten Jahre war ich regelm\u00e4\u00dfig mit wechselnder Pr\u00e4sentation meiner Arbeiten auf Ausstellungen und Kunsthandwerkerm\u00e4rkten vertreten. &nbsp; 2015 Weingut Laquai Lorch Internationale Kunstausstellung Wilrijk\/Antwerpen Gro\u00dfe FBF-Kunstausstellung Autalhalle Niedernhausen Weihnachtsmarkt Niedernhausen &nbsp; 2014 Weihnachtsmarkt St. Ferrutius Taunusstein Weihnachtsmarkt Niedernhausen Weihnachtsmarkt Hotel Hoerhof Idstein KUKUSTA Taunusstein Weingut Laquai Lorch Koblenz 2013 Kurkolonnaden&#8230;<\/p>\n","protected":false},"author":1,"featured_media":0,"parent":0,"menu_order":0,"comment_status":"closed","ping_status":"closed","template":"","meta":{"ngg_post_thumbnail":0},"_links":{"self":[{"href":"https:\/\/porzellanmalerei-maro.de\/index.php\/wp-json\/wp\/v2\/pages\/389"}],"collection":[{"href":"https:\/\/porzellanmalerei-maro.de\/index.php\/wp-json\/wp\/v2\/pages"}],"about":[{"href":"https:\/\/porzellanmalerei-maro.de\/index.php\/wp-json\/wp\/v2\/types\/page"}],"author":[{"embeddable":true,"href":"https:\/\/porzellanmalerei-maro.de\/index.php\/wp-json\/wp\/v2\/users\/1"}],"replies":[{"embeddable":true,"href":"https:\/\/porzellanmalerei-maro.de\/index.php\/wp-json\/wp\/v2\/comments?post=389"}],"version-history":[{"count":1,"href":"https:\/\/porzellanmalerei-maro.de\/index.php\/wp-json\/wp\/v2\/pages\/389\/revisions"}],"predecessor-version":[{"id":390,"href":"https:\/\/porzellanmalerei-maro.de\/index.php\/wp-json\/wp\/v2\/pages\/389\/revisions\/390"}],"wp:attachment":[{"href":"https:\/\/porzellanmalerei-maro.de\/index.php\/wp-json\/wp\/v2\/media?parent=389"}],"curies":[{"name":"wp","href":"https:\/\/api.w.org\/{rel}","templated":true}]}}