{"id":387,"date":"2018-05-13T16:33:31","date_gmt":"2018-05-13T14:33:31","guid":{"rendered":"http:\/\/porzellanmalerei-maro.de\/?page_id=387"},"modified":"2019-02-04T18:16:05","modified_gmt":"2019-02-04T17:16:05","slug":"kurse","status":"publish","type":"page","link":"https:\/\/porzellanmalerei-maro.de\/index.php\/kurse\/","title":{"rendered":"Kurse"},"content":{"rendered":"<p>Es macht sehr viel Freude selbst einmal ein Porzellanst\u00fcck nach eigenen Ideen zu gestalten. Ich begleite Sie hier gerne und stelle meine Erfahrungen zur Verf\u00fcgung. Auch wenn Sie noch \u00fcber keinerlei Vorkenntnisse in der Porzellanmalerei verf\u00fcgen k\u00f6nnen Sie erlernen sch\u00f6ne Arbeiten zu fertigen. Eine kreative Begabung und ein wenig zeichnerisches Talent, sowie Ihr Interesse einmal etwas Neues auszuprobieren sind die besten Voraussetzungen hierf\u00fcr.<\/p>\n<p>Gerne stelle ich einen Kurs nach Anfrage zusammen und wir gehen es gemeinsam an. F\u00fcr den Anfang stelle ich Ihnen die Farbe zur Verf\u00fcgung und nat\u00fcrlich brenne ich Ihnen auch Ihr Porzellanteil und Sie k\u00f6nnen auch bei mir ein Porzellanteil erwerben.<\/p>\n","protected":false},"excerpt":{"rendered":"<p>Es macht sehr viel Freude selbst einmal ein Porzellanst\u00fcck nach eigenen Ideen zu gestalten. Ich begleite Sie hier gerne und stelle meine Erfahrungen zur Verf\u00fcgung. Auch wenn Sie noch \u00fcber keinerlei Vorkenntnisse in der Porzellanmalerei verf\u00fcgen k\u00f6nnen Sie erlernen sch\u00f6ne Arbeiten zu fertigen. Eine kreative Begabung und ein wenig zeichnerisches&#8230;<\/p>\n","protected":false},"author":1,"featured_media":0,"parent":0,"menu_order":0,"comment_status":"closed","ping_status":"closed","template":"","meta":{"ngg_post_thumbnail":0},"_links":{"self":[{"href":"https:\/\/porzellanmalerei-maro.de\/index.php\/wp-json\/wp\/v2\/pages\/387"}],"collection":[{"href":"https:\/\/porzellanmalerei-maro.de\/index.php\/wp-json\/wp\/v2\/pages"}],"about":[{"href":"https:\/\/porzellanmalerei-maro.de\/index.php\/wp-json\/wp\/v2\/types\/page"}],"author":[{"embeddable":true,"href":"https:\/\/porzellanmalerei-maro.de\/index.php\/wp-json\/wp\/v2\/users\/1"}],"replies":[{"embeddable":true,"href":"https:\/\/porzellanmalerei-maro.de\/index.php\/wp-json\/wp\/v2\/comments?post=387"}],"version-history":[{"count":1,"href":"https:\/\/porzellanmalerei-maro.de\/index.php\/wp-json\/wp\/v2\/pages\/387\/revisions"}],"predecessor-version":[{"id":388,"href":"https:\/\/porzellanmalerei-maro.de\/index.php\/wp-json\/wp\/v2\/pages\/387\/revisions\/388"}],"wp:attachment":[{"href":"https:\/\/porzellanmalerei-maro.de\/index.php\/wp-json\/wp\/v2\/media?parent=387"}],"curies":[{"name":"wp","href":"https:\/\/api.w.org\/{rel}","templated":true}]}}