{"id":2,"date":"2015-04-29T21:26:57","date_gmt":"2015-04-29T19:26:57","guid":{"rendered":"http:\/\/porzellanmalerei-maro.de.w0132f56.kasserver.com\/?page_id=2"},"modified":"2015-05-07T18:33:30","modified_gmt":"2015-05-07T16:33:30","slug":"die-kuenstlerin","status":"publish","type":"page","link":"https:\/\/porzellanmalerei-maro.de\/","title":{"rendered":"Die K\u00fcnstlerin"},"content":{"rendered":"<p><strong>Herzlich willkommen auf meiner Internetpr\u00e4senz.<\/strong><\/p>\n<p>Verschaffen Sie sich einen ersten Eindruck \u00fcber meine k\u00fcnstlerische Arbeit mit dem sogenannten \u201ewei\u00dfen Gold\u201c. Ich w\u00fcrde mich freuen wenn Sie Gefallen daran finden w\u00fcrden und lade Sie ein sich doch einmal mit mir in Verbindung zu setzen. Rufen Sie einfach an und vereinbaren Sie mit mir einen Termin.<\/p>\n<p>Seit vielen Jahren widme ich mich mit gro\u00dfer Leidenschaft der Porzellanmalerei und fertige die unterschiedlichsten Malereien vom kleinsten Gef\u00e4\u00df \u00fcber Vasen und Platten bis hin zum Porzellanbild. Die Herausforderung der m\u00f6glichen v\u00f6llig individuellen Gestaltung \u00fcbt auf mich eine gro\u00dfe Faszination aus. Eine naturgetreue Darstellung geht in manchem Werk eine Verbindung mit modernen Techniken ein oder jedes pr\u00e4sentiert sich eigenst\u00e4ndig in einer besonderen Allianz mit dem zu bemalenden Porzellan und seiner Form.<\/p>\n<p>Nach einem k\u00fcnstlerischen Vorleben im Bereich Zeichnung und Malerei war f\u00fcr mich die Begegnung mit der Porzellanmalerei wie eine Vorausbestimmung f\u00fcr mein jetziges k\u00fcnstlerisches Schaffen.<\/p>\n<p>&nbsp;<\/p>\n","protected":false},"excerpt":{"rendered":"<p>Herzlich willkommen auf meiner Internetpr\u00e4senz. Verschaffen Sie sich einen ersten Eindruck \u00fcber meine k\u00fcnstlerische Arbeit mit dem sogenannten \u201ewei\u00dfen Gold\u201c. Ich w\u00fcrde mich freuen wenn Sie Gefallen daran finden w\u00fcrden und lade Sie ein sich doch einmal mit mir in Verbindung zu setzen. Rufen Sie einfach an und vereinbaren Sie&#8230;<\/p>\n","protected":false},"author":1,"featured_media":0,"parent":0,"menu_order":0,"comment_status":"closed","ping_status":"closed","template":"","meta":{"ngg_post_thumbnail":0},"_links":{"self":[{"href":"https:\/\/porzellanmalerei-maro.de\/index.php\/wp-json\/wp\/v2\/pages\/2"}],"collection":[{"href":"https:\/\/porzellanmalerei-maro.de\/index.php\/wp-json\/wp\/v2\/pages"}],"about":[{"href":"https:\/\/porzellanmalerei-maro.de\/index.php\/wp-json\/wp\/v2\/types\/page"}],"author":[{"embeddable":true,"href":"https:\/\/porzellanmalerei-maro.de\/index.php\/wp-json\/wp\/v2\/users\/1"}],"replies":[{"embeddable":true,"href":"https:\/\/porzellanmalerei-maro.de\/index.php\/wp-json\/wp\/v2\/comments?post=2"}],"version-history":[{"count":6,"href":"https:\/\/porzellanmalerei-maro.de\/index.php\/wp-json\/wp\/v2\/pages\/2\/revisions"}],"predecessor-version":[{"id":27,"href":"https:\/\/porzellanmalerei-maro.de\/index.php\/wp-json\/wp\/v2\/pages\/2\/revisions\/27"}],"wp:attachment":[{"href":"https:\/\/porzellanmalerei-maro.de\/index.php\/wp-json\/wp\/v2\/media?parent=2"}],"curies":[{"name":"wp","href":"https:\/\/api.w.org\/{rel}","templated":true}]}}